{"id":781,"date":"2024-12-02T10:23:31","date_gmt":"2024-12-02T09:23:31","guid":{"rendered":"https:\/\/www.normandy-sightseeing-tours.com\/mentions-legales\/"},"modified":"2024-12-02T10:28:56","modified_gmt":"2024-12-02T09:28:56","slug":"legal-notice","status":"publish","type":"page","link":"https:\/\/www.normandy-sightseeing-tours.com\/en\/legal-notice\/","title":{"rendered":"Legal notice"},"content":{"rendered":"<p><strong>1. Pr\u00e9sentation du site<\/strong><br \/>\nLe site internet <strong><a href=\"https:\/\/www.normandy-sightseeing-tours.com\/en\/\" target=\"_new\" rel=\"noopener\">https:\/\/www.normandy-sightseeing-tours.com\/<\/a><\/strong> (ci-apr\u00e8s &#8220;le Site&#8221;) est un site commercial propos\u00e9 par l\u2019entreprise [Nom de l&#8217;entreprise] (ci-apr\u00e8s &#8220;l\u2019Entreprise&#8221;), sp\u00e9cialis\u00e9e dans l\u2019organisation de visites touristiques en Normandie.<\/p>\n<p><strong>2. \u00c9diteur du site<\/strong><br \/>\nLe Site est \u00e9dit\u00e9 par :<br \/>\n<strong>Nom de l\u2019entreprise :<\/strong> [Nom de l&#8217;entreprise]<br \/>\n<strong>Forme juridique :<\/strong> [exemple : SARL, SAS, etc.]<br \/>\n<strong>Capital social :<\/strong> [montant du capital social]<br \/>\n<strong>Si\u00e8ge social :<\/strong> [adresse compl\u00e8te de l&#8217;entreprise]<br \/>\n<strong>Num\u00e9ro d&#8217;immatriculation :<\/strong> [RCS, num\u00e9ro SIRET]<br \/>\n<strong>Num\u00e9ro de TVA intracommunautaire :<\/strong> [num\u00e9ro de TVA, si applicable]<br \/>\n<strong>T\u00e9l\u00e9phone :<\/strong> [num\u00e9ro de t\u00e9l\u00e9phone]<br \/>\n<strong>Email :<\/strong> [adresse email de contact]<\/p>\n<p><strong>3. Directeur de la publication<\/strong><br \/>\nLe directeur de la publication est [nom de la personne responsable de la publication], en qualit\u00e9 de [fonction dans l&#8217;entreprise].<\/p>\n<p><strong>4. H\u00e9bergement du site<\/strong><br \/>\nLe Site est h\u00e9berg\u00e9 par :<br \/>\n<strong>Nom de l\u2019h\u00e9bergeur :<\/strong> [Nom de l\u2019h\u00e9bergeur]<br \/>\n<strong>Adresse :<\/strong> [adresse compl\u00e8te de l\u2019h\u00e9bergeur]<br \/>\n<strong>T\u00e9l\u00e9phone :<\/strong> [num\u00e9ro de t\u00e9l\u00e9phone de l\u2019h\u00e9bergeur]<\/p>\n<p><strong>5. Propri\u00e9t\u00e9 intellectuelle<\/strong><br \/>\nLe contenu du Site (textes, images, logos, graphiques, vid\u00e9os, etc.) est prot\u00e9g\u00e9 par le droit de la propri\u00e9t\u00e9 intellectuelle. Toute reproduction, diffusion ou exploitation non autoris\u00e9e est interdite sans le consentement pr\u00e9alable de l&#8217;Entreprise.<\/p>\n<p>Les marques et logos pr\u00e9sents sur le Site sont la propri\u00e9t\u00e9 exclusive de l\u2019Entreprise. Toute utilisation non autoris\u00e9e de ces \u00e9l\u00e9ments peut constituer une infraction en vertu du Code de la propri\u00e9t\u00e9 intellectuelle.<\/p>\n<p><strong>6. Collecte des donn\u00e9es personnelles<\/strong><br \/>\nL\u2019Entreprise respecte la vie priv\u00e9e des utilisateurs du Site et s\u2019engage \u00e0 prot\u00e9ger leurs donn\u00e9es personnelles conform\u00e9ment \u00e0 la r\u00e9glementation en vigueur. Pour plus d\u2019informations sur la collecte et l\u2019utilisation de vos donn\u00e9es personnelles, veuillez consulter notre <strong>Politique de confidentialit\u00e9<\/strong> [lien vers la politique de confidentialit\u00e9].<\/p>\n<p><strong>7. Conditions d\u2019utilisation<\/strong><br \/>\nL\u2019utilisation du Site est r\u00e9gie par les pr\u00e9sentes mentions l\u00e9gales. L\u2019acc\u00e8s au Site implique l\u2019acceptation pleine et enti\u00e8re de ces conditions. L\u2019Entreprise se r\u00e9serve le droit de modifier ces mentions \u00e0 tout moment, sans pr\u00e9avis.<\/p>\n<p><strong>8. Responsabilit\u00e9<\/strong><br \/>\nL\u2019Entreprise met tout en \u0153uvre pour assurer la pr\u00e9cision et la mise \u00e0 jour des informations pr\u00e9sentes sur le Site, mais ne peut garantir l\u2019exactitude, la compl\u00e9tude ou l\u2019absence d\u2019erreurs. En cons\u00e9quence, l\u2019Entreprise d\u00e9cline toute responsabilit\u00e9 en cas d&#8217;erreurs ou d&#8217;omissions dans les informations fournies sur le Site.<\/p>\n<p>L\u2019Entreprise ne saurait \u00eatre tenue responsable des dommages directs ou indirects r\u00e9sultant de l\u2019utilisation du Site ou de l\u2019impossibilit\u00e9 d\u2019y acc\u00e9der.<\/p>\n<p><strong>9. Liens externes<\/strong><br \/>\nLe Site peut contenir des liens vers d\u2019autres sites web. L\u2019Entreprise n&#8217;est pas responsable du contenu de ces sites externes et ne saurait \u00eatre tenue responsable des dommages directs ou indirects r\u00e9sultant de leur consultation.<\/p>\n<p><strong>10. Droit applicable et juridiction comp\u00e9tente<\/strong><br \/>\nLes pr\u00e9sentes mentions l\u00e9gales sont r\u00e9gies par la loi fran\u00e7aise. En cas de litige, seuls les tribunaux comp\u00e9tents de [ville] seront habilit\u00e9s \u00e0 conna\u00eetre de l\u2019affaire.<\/p>\n","protected":false},"excerpt":{"rendered":"<p>1. Pr\u00e9sentation du site Le site internet https:\/\/www.normandy-sightseeing-tours.com\/ (ci-apr\u00e8s &#8220;le Site&#8221;) est un site commercial propos\u00e9 par l\u2019entreprise [Nom de [&hellip;]<\/p>\n","protected":false},"author":1,"featured_media":0,"parent":0,"menu_order":150,"comment_status":"closed","ping_status":"closed","template":"","meta":{"_acf_changed":false,"footnotes":""},"class_list":["post-781","page","type-page","status-publish","hentry"],"acf":[],"yoast_head":"<!-- This site is optimized with the Yoast SEO plugin v27.2 - https:\/\/yoast.com\/product\/yoast-seo-wordpress\/ -->\n<title>Legal notice - NORMANDY Sightseeing Tours<\/title>\n<meta name=\"robots\" content=\"index, follow, max-snippet:-1, max-image-preview:large, max-video-preview:-1\" \/>\n<link rel=\"canonical\" href=\"https:\/\/www.normandy-sightseeing-tours.com\/en\/legal-notice\/\" \/>\n<meta property=\"og:locale\" content=\"en_US\" \/>\n<meta property=\"og:type\" content=\"article\" \/>\n<meta property=\"og:title\" content=\"Legal notice - NORMANDY Sightseeing Tours\" \/>\n<meta property=\"og:description\" content=\"1. Pr\u00e9sentation du site Le site internet https:\/\/www.normandy-sightseeing-tours.com\/ (ci-apr\u00e8s &#8220;le Site&#8221;) est un site commercial propos\u00e9 par l\u2019entreprise [Nom de [&hellip;]\" \/>\n<meta property=\"og:url\" content=\"https:\/\/www.normandy-sightseeing-tours.com\/en\/legal-notice\/\" \/>\n<meta property=\"og:site_name\" content=\"NORMANDY Sightseeing Tours\" \/>\n<meta property=\"article:publisher\" content=\"https:\/\/www.facebook.com\/profile.php?id=100064046082160&amp;locale=fr_FR\" \/>\n<meta property=\"article:modified_time\" content=\"2024-12-02T09:28:56+00:00\" \/>\n<meta property=\"og:image\" content=\"https:\/\/www.normandy-sightseeing-tours.com\/wp-content\/uploads\/2024\/04\/NST-normandy-sightseeing-tours-80-DDAYS.png\" \/>\n\t<meta property=\"og:image:width\" content=\"2260\" \/>\n\t<meta property=\"og:image:height\" content=\"468\" \/>\n\t<meta property=\"og:image:type\" content=\"image\/png\" \/>\n<meta name=\"twitter:card\" content=\"summary_large_image\" \/>\n<meta name=\"twitter:label1\" content=\"Est. reading time\" \/>\n\t<meta name=\"twitter:data1\" content=\"3 minutes\" \/>\n<script type=\"application\/ld+json\" class=\"yoast-schema-graph\">{\"@context\":\"https:\/\/schema.org\",\"@graph\":[{\"@type\":\"WebPage\",\"@id\":\"https:\/\/www.normandy-sightseeing-tours.com\/en\/legal-notice\/\",\"url\":\"https:\/\/www.normandy-sightseeing-tours.com\/en\/legal-notice\/\",\"name\":\"Legal notice - NORMANDY Sightseeing Tours\",\"isPartOf\":{\"@id\":\"https:\/\/www.normandy-sightseeing-tours.com\/#website\"},\"datePublished\":\"2024-12-02T09:23:31+00:00\",\"dateModified\":\"2024-12-02T09:28:56+00:00\",\"inLanguage\":\"en-US\",\"potentialAction\":[{\"@type\":\"ReadAction\",\"target\":[\"https:\/\/www.normandy-sightseeing-tours.com\/en\/legal-notice\/\"]}]},{\"@type\":\"WebSite\",\"@id\":\"https:\/\/www.normandy-sightseeing-tours.com\/#website\",\"url\":\"https:\/\/www.normandy-sightseeing-tours.com\/\",\"name\":\"NORMANDY Sightseeing Tours\",\"description\":\"Normandy Sightseeing Tours, local company for pre-set guided tours to the D-day landing beaches and battlefields in Normandy 80 d&#039;day\",\"publisher\":{\"@id\":\"https:\/\/www.normandy-sightseeing-tours.com\/#organization\"},\"potentialAction\":[{\"@type\":\"SearchAction\",\"target\":{\"@type\":\"EntryPoint\",\"urlTemplate\":\"https:\/\/www.normandy-sightseeing-tours.com\/?s={search_term_string}\"},\"query-input\":{\"@type\":\"PropertyValueSpecification\",\"valueRequired\":true,\"valueName\":\"search_term_string\"}}],\"inLanguage\":\"en-US\"},{\"@type\":\"Organization\",\"@id\":\"https:\/\/www.normandy-sightseeing-tours.com\/#organization\",\"name\":\"NORMANDY Sightseeing Tours\",\"url\":\"https:\/\/www.normandy-sightseeing-tours.com\/\",\"logo\":{\"@type\":\"ImageObject\",\"inLanguage\":\"en-US\",\"@id\":\"https:\/\/www.normandy-sightseeing-tours.com\/#\/schema\/logo\/image\/\",\"url\":\"https:\/\/www.normandy-sightseeing-tours.com\/wp-content\/uploads\/woocommerce-placeholder.png\",\"contentUrl\":\"https:\/\/www.normandy-sightseeing-tours.com\/wp-content\/uploads\/woocommerce-placeholder.png\",\"width\":1200,\"height\":1200,\"caption\":\"NORMANDY Sightseeing Tours\"},\"image\":{\"@id\":\"https:\/\/www.normandy-sightseeing-tours.com\/#\/schema\/logo\/image\/\"},\"sameAs\":[\"https:\/\/www.facebook.com\/profile.php?id=100064046082160&locale=fr_FR\"]}]}<\/script>\n<!-- \/ Yoast SEO plugin. -->","yoast_head_json":{"title":"Legal notice - NORMANDY Sightseeing Tours","robots":{"index":"index","follow":"follow","max-snippet":"max-snippet:-1","max-image-preview":"max-image-preview:large","max-video-preview":"max-video-preview:-1"},"canonical":"https:\/\/www.normandy-sightseeing-tours.com\/en\/legal-notice\/","og_locale":"en_US","og_type":"article","og_title":"Legal notice - NORMANDY Sightseeing Tours","og_description":"1. Pr\u00e9sentation du site Le site internet https:\/\/www.normandy-sightseeing-tours.com\/ (ci-apr\u00e8s &#8220;le Site&#8221;) est un site commercial propos\u00e9 par l\u2019entreprise [Nom de [&hellip;]","og_url":"https:\/\/www.normandy-sightseeing-tours.com\/en\/legal-notice\/","og_site_name":"NORMANDY Sightseeing Tours","article_publisher":"https:\/\/www.facebook.com\/profile.php?id=100064046082160&locale=fr_FR","article_modified_time":"2024-12-02T09:28:56+00:00","og_image":[{"width":2260,"height":468,"url":"https:\/\/www.normandy-sightseeing-tours.com\/wp-content\/uploads\/2024\/04\/NST-normandy-sightseeing-tours-80-DDAYS.png","type":"image\/png"}],"twitter_card":"summary_large_image","twitter_misc":{"Est. reading time":"3 minutes"},"schema":{"@context":"https:\/\/schema.org","@graph":[{"@type":"WebPage","@id":"https:\/\/www.normandy-sightseeing-tours.com\/en\/legal-notice\/","url":"https:\/\/www.normandy-sightseeing-tours.com\/en\/legal-notice\/","name":"Legal notice - NORMANDY Sightseeing Tours","isPartOf":{"@id":"https:\/\/www.normandy-sightseeing-tours.com\/#website"},"datePublished":"2024-12-02T09:23:31+00:00","dateModified":"2024-12-02T09:28:56+00:00","inLanguage":"en-US","potentialAction":[{"@type":"ReadAction","target":["https:\/\/www.normandy-sightseeing-tours.com\/en\/legal-notice\/"]}]},{"@type":"WebSite","@id":"https:\/\/www.normandy-sightseeing-tours.com\/#website","url":"https:\/\/www.normandy-sightseeing-tours.com\/","name":"NORMANDY Sightseeing Tours","description":"Normandy Sightseeing Tours, local company for pre-set guided tours to the D-day landing beaches and battlefields in Normandy 80 d&#039;day","publisher":{"@id":"https:\/\/www.normandy-sightseeing-tours.com\/#organization"},"potentialAction":[{"@type":"SearchAction","target":{"@type":"EntryPoint","urlTemplate":"https:\/\/www.normandy-sightseeing-tours.com\/?s={search_term_string}"},"query-input":{"@type":"PropertyValueSpecification","valueRequired":true,"valueName":"search_term_string"}}],"inLanguage":"en-US"},{"@type":"Organization","@id":"https:\/\/www.normandy-sightseeing-tours.com\/#organization","name":"NORMANDY Sightseeing Tours","url":"https:\/\/www.normandy-sightseeing-tours.com\/","logo":{"@type":"ImageObject","inLanguage":"en-US","@id":"https:\/\/www.normandy-sightseeing-tours.com\/#\/schema\/logo\/image\/","url":"https:\/\/www.normandy-sightseeing-tours.com\/wp-content\/uploads\/woocommerce-placeholder.png","contentUrl":"https:\/\/www.normandy-sightseeing-tours.com\/wp-content\/uploads\/woocommerce-placeholder.png","width":1200,"height":1200,"caption":"NORMANDY Sightseeing Tours"},"image":{"@id":"https:\/\/www.normandy-sightseeing-tours.com\/#\/schema\/logo\/image\/"},"sameAs":["https:\/\/www.facebook.com\/profile.php?id=100064046082160&locale=fr_FR"]}]}},"_links":{"self":[{"href":"https:\/\/www.normandy-sightseeing-tours.com\/en\/wp-json\/wp\/v2\/pages\/781","targetHints":{"allow":["GET"]}}],"collection":[{"href":"https:\/\/www.normandy-sightseeing-tours.com\/en\/wp-json\/wp\/v2\/pages"}],"about":[{"href":"https:\/\/www.normandy-sightseeing-tours.com\/en\/wp-json\/wp\/v2\/types\/page"}],"author":[{"embeddable":true,"href":"https:\/\/www.normandy-sightseeing-tours.com\/en\/wp-json\/wp\/v2\/users\/1"}],"replies":[{"embeddable":true,"href":"https:\/\/www.normandy-sightseeing-tours.com\/en\/wp-json\/wp\/v2\/comments?post=781"}],"version-history":[{"count":1,"href":"https:\/\/www.normandy-sightseeing-tours.com\/en\/wp-json\/wp\/v2\/pages\/781\/revisions"}],"predecessor-version":[{"id":787,"href":"https:\/\/www.normandy-sightseeing-tours.com\/en\/wp-json\/wp\/v2\/pages\/781\/revisions\/787"}],"wp:attachment":[{"href":"https:\/\/www.normandy-sightseeing-tours.com\/en\/wp-json\/wp\/v2\/media?parent=781"}],"curies":[{"name":"wp","href":"https:\/\/api.w.org\/{rel}","templated":true}]}}